{"id":815,"date":"2023-09-08T11:50:32","date_gmt":"2023-09-08T14:50:32","guid":{"rendered":"https:\/\/www.crefrs.org.br\/oportunidades\/?page_id=815"},"modified":"2023-09-21T13:42:02","modified_gmt":"2023-09-21T16:42:02","slug":"perfil","status":"publish","type":"page","link":"https:\/\/www.crefrs.org.br\/oportunidades\/perfil\/","title":{"rendered":"Perfil"},"content":{"rendered":"\t\t<div data-elementor-type=\"wp-page\" data-elementor-id=\"815\" class=\"elementor elementor-815\" data-elementor-post-type=\"page\">\n\t\t\t\t<div class=\"elementor-element elementor-element-a7af9c7 e-flex e-con-boxed e-con e-parent\" data-id=\"a7af9c7\" data-element_type=\"container\" data-e-type=\"container\" data-settings=\"{&quot;background_background&quot;:&quot;classic&quot;}\">\n\t\t\t\t\t<div class=\"e-con-inner\">\n\t\t<div class=\"elementor-element elementor-element-88c737a e-con-full e-flex e-con e-child\" data-id=\"88c737a\" data-element_type=\"container\" data-e-type=\"container\">\n\t\t\t\t<div class=\"elementor-element elementor-element-90c9a37 elementor-widget elementor-widget-jet-breadcrumbs\" data-id=\"90c9a37\" data-element_type=\"widget\" data-e-type=\"widget\" data-widget_type=\"jet-breadcrumbs.default\">\n\t\t\t\t<div class=\"elementor-widget-container\">\n\t\t\t\t\t<div class=\"elementor-jet-breadcrumbs jet-blocks\">\n\t\t<div class=\"jet-breadcrumbs\">\n\t\t<div class=\"jet-breadcrumbs__content\">\n\t\t<div class=\"jet-breadcrumbs__wrap\"><div class=\"jet-breadcrumbs__item\"><a href=\"https:\/\/www.crefrs.org.br\/oportunidades\/\" class=\"jet-breadcrumbs__item-link is-home\" rel=\"home\" title=\"Home\">Home<\/a><\/div>\n\t\t<\/div>\n\t\t<\/div>\n\t\t<\/div><\/div>\t\t\t\t<\/div>\n\t\t\t\t<\/div>\n\t\t\t\t<div class=\"elementor-element elementor-element-e9908de elementor-widget elementor-widget-heading\" data-id=\"e9908de\" data-element_type=\"widget\" data-e-type=\"widget\" data-widget_type=\"heading.default\">\n\t\t\t\t<div class=\"elementor-widget-container\">\n\t\t\t\t\t<h2 class=\"elementor-heading-title elementor-size-default\">Todos os curriculos<\/h2>\t\t\t\t<\/div>\n\t\t\t\t<\/div>\n\t\t<div class=\"elementor-element elementor-element-e1d50b3 e-con-full e-flex e-con e-child\" data-id=\"e1d50b3\" data-element_type=\"container\" data-e-type=\"container\">\n\t\t<div class=\"elementor-element elementor-element-de3b1da e-con-full e-flex e-con e-child\" data-id=\"de3b1da\" data-element_type=\"container\" data-e-type=\"container\" data-settings=\"{&quot;background_background&quot;:&quot;classic&quot;}\">\n\t\t\t\t<div class=\"elementor-element elementor-element-c989fbe elementor-widget elementor-widget-jet-listing-grid\" data-id=\"c989fbe\" data-element_type=\"widget\" data-e-type=\"widget\" id=\"result1\" data-settings=\"{&quot;columns&quot;:&quot;1&quot;}\" data-widget_type=\"jet-listing-grid.default\">\n\t\t\t\t<div class=\"elementor-widget-container\">\n\t\t\t\t\t<div class=\"jet-listing-notice\">Please select listing to show.<\/div>\t\t\t\t<\/div>\n\t\t\t\t<\/div>\n\t\t\t\t<div class=\"elementor-element elementor-element-f2c5d5c elementor-hidden-desktop elementor-hidden-tablet elementor-widget elementor-widget-jet-smart-filters-remove-filters hide-widget\" data-id=\"f2c5d5c\" data-element_type=\"widget\" data-e-type=\"widget\" data-widget_type=\"jet-smart-filters-remove-filters.default\">\n\t\t\t\t<div class=\"elementor-widget-container\">\n\t\t\t\t\t<div class=\"jet-smart-filters-remove-filters jet-filter\"><div class=\"jet-remove-all-filters hide\">\n\t<button\n\t\ttype=\"button\"\n\t\tclass=\"jet-remove-all-filters__button\"\n\t\tdata-content-provider=\"jet-engine\"\n\t\tdata-additional-providers=\"\"\n\t\tdata-apply-type=\"ajax\"\n\t\tdata-query-id=\"result\"\n\t\t\t>\n\t\tRemover filtros\t<\/button>\n<\/div><\/div>\t\t\t\t<\/div>\n\t\t\t\t<\/div>\n\t\t\t\t<\/div>\n\t\t<div class=\"elementor-element elementor-element-40b5ecf elementor-hidden-mobile e-con-full e-flex e-con e-child\" data-id=\"40b5ecf\" data-element_type=\"container\" data-e-type=\"container\" data-settings=\"{&quot;background_background&quot;:&quot;classic&quot;}\">\n\t\t\t\t<div class=\"elementor-element elementor-element-42c1bfe elementor-widget elementor-widget-heading\" data-id=\"42c1bfe\" data-element_type=\"widget\" data-e-type=\"widget\" data-widget_type=\"heading.default\">\n\t\t\t\t<div class=\"elementor-widget-container\">\n\t\t\t\t\t<h2 class=\"elementor-heading-title elementor-size-default\">Filtrar curriculos<\/h2>\t\t\t\t<\/div>\n\t\t\t\t<\/div>\n\t\t\t\t<div class=\"elementor-element elementor-element-3cc42a7 elementor-widget elementor-widget-jet-smart-filters-remove-filters hide-widget\" data-id=\"3cc42a7\" data-element_type=\"widget\" data-e-type=\"widget\" data-widget_type=\"jet-smart-filters-remove-filters.default\">\n\t\t\t\t<div class=\"elementor-widget-container\">\n\t\t\t\t\t<div class=\"jet-smart-filters-remove-filters jet-filter\"><div class=\"jet-remove-all-filters hide\">\n\t<button\n\t\ttype=\"button\"\n\t\tclass=\"jet-remove-all-filters__button\"\n\t\tdata-content-provider=\"jet-engine\"\n\t\tdata-additional-providers=\"\"\n\t\tdata-apply-type=\"ajax\"\n\t\tdata-query-id=\"result1\"\n\t\t\t>\n\t\tRemover filtros\t<\/button>\n<\/div><\/div>\t\t\t\t<\/div>\n\t\t\t\t<\/div>\n\t\t\t\t<div class=\"elementor-element elementor-element-7744ec1 elementor-widget elementor-widget-jet-smart-filters-checkboxes\" data-id=\"7744ec1\" data-element_type=\"widget\" data-e-type=\"widget\" data-widget_type=\"jet-smart-filters-checkboxes.default\">\n\t\t\t\t<div class=\"elementor-widget-container\">\n\t\t\t\t\t<div class=\"jet-smart-filters-checkboxes jet-filter \" data-indexer-rule=\"show\" data-show-counter=\"\" data-change-counter=\"always\"><div class=\"jet-checkboxes-list\" data-query-type=\"meta_query\" data-query-var=\"related_parents*3\" data-smart-filter=\"checkboxes\" data-filter-id=\"1419\" data-apply-type=\"ajax\" data-content-provider=\"jet-engine\" data-additional-providers=\"\" data-query-id=\"result1\" data-active-label=\"filtro categoria de vagas\" data-layout-options=\"{&quot;show_label&quot;:&quot;&quot;,&quot;display_options&quot;:{&quot;show_items_label&quot;:false,&quot;show_decorator&quot;:&quot;yes&quot;,&quot;filter_image_size&quot;:&quot;full&quot;,&quot;show_counter&quot;:false}}\" data-query-var-suffix=\"\" data-apply-on=\"value\">\n\t<fieldset class=\"jet-checkboxes-list-wrapper\"><legend style=\"display:none;\">filtro categoria de vagas<\/legend><div class=\"jet-checkboxes-list__row jet-filter-row\">\n\t\t<label\n\t\tclass=\"jet-checkboxes-list__item\"\n\t\t\t>\n\t\t<input\n\t\t\ttype=\"checkbox\"\n\t\t\tclass=\"jet-checkboxes-list__input\"\n\t\t\tname=\"related_parents*3\"\n\t\t\tvalue=\"34\"\n\t\t\tdata-label=\"Empresa \/ Prestador de Servi\u00e7o\"\n\t\t\t\t\t\taria-label=\"Empresa \/ Prestador de Servi\u00e7o\"\n\t\t\t\t\t>\n\t\t<div class=\"jet-checkboxes-list__button\">\n\t\t\t\t\t\t\t<span class=\"jet-checkboxes-list__decorator\">\n\t\t\t\t\t<i class=\"jet-checkboxes-list__checked-icon\">\n\t\t\t\t\t\t<svg width=\"28\" height=\"28\" viewBox=\"0 0 28 28\" xmlns=\"http:\/\/www.w3.org\/2000\/svg\">\n\t<path d=\"M26.109 8.844c0 0.391-0.156 0.781-0.438 1.062l-13.438 13.438c-0.281 0.281-0.672 0.438-1.062 0.438s-0.781-0.156-1.062-0.438l-7.781-7.781c-0.281-0.281-0.438-0.672-0.438-1.062s0.156-0.781 0.438-1.062l2.125-2.125c0.281-0.281 0.672-0.438 1.062-0.438s0.781 0.156 1.062 0.438l4.594 4.609 10.25-10.266c0.281-0.281 0.672-0.438 1.062-0.438s0.781 0.156 1.062 0.438l2.125 2.125c0.281 0.281 0.438 0.672 0.438 1.062z\"><\/path>\n<\/svg>\n\t\t\t\t\t<\/i>\n\t\t\t\t<\/span>\n\t\t\t\t\t\t<span class=\"jet-checkboxes-list__label\">\n\t\t\t\tEmpresa \/ Prestador de Servi\u00e7o\t\t\t<\/span>\n\t\t\t\t\t<\/div>\n\t<\/label>\n<\/div><div class=\"jet-checkboxes-list__row jet-filter-row\">\n\t\t<label\n\t\tclass=\"jet-checkboxes-list__item\"\n\t\t\t>\n\t\t<input\n\t\t\ttype=\"checkbox\"\n\t\t\tclass=\"jet-checkboxes-list__input\"\n\t\t\tname=\"related_parents*3\"\n\t\t\tvalue=\"32\"\n\t\t\tdata-label=\"Est\u00e1gio\"\n\t\t\t\t\t\taria-label=\"Est\u00e1gio\"\n\t\t\t\t\t>\n\t\t<div class=\"jet-checkboxes-list__button\">\n\t\t\t\t\t\t\t<span class=\"jet-checkboxes-list__decorator\">\n\t\t\t\t\t<i class=\"jet-checkboxes-list__checked-icon\">\n\t\t\t\t\t\t<svg width=\"28\" height=\"28\" viewBox=\"0 0 28 28\" xmlns=\"http:\/\/www.w3.org\/2000\/svg\">\n\t<path d=\"M26.109 8.844c0 0.391-0.156 0.781-0.438 1.062l-13.438 13.438c-0.281 0.281-0.672 0.438-1.062 0.438s-0.781-0.156-1.062-0.438l-7.781-7.781c-0.281-0.281-0.438-0.672-0.438-1.062s0.156-0.781 0.438-1.062l2.125-2.125c0.281-0.281 0.672-0.438 1.062-0.438s0.781 0.156 1.062 0.438l4.594 4.609 10.25-10.266c0.281-0.281 0.672-0.438 1.062-0.438s0.781 0.156 1.062 0.438l2.125 2.125c0.281 0.281 0.438 0.672 0.438 1.062z\"><\/path>\n<\/svg>\n\t\t\t\t\t<\/i>\n\t\t\t\t<\/span>\n\t\t\t\t\t\t<span class=\"jet-checkboxes-list__label\">\n\t\t\t\tEst\u00e1gio\t\t\t<\/span>\n\t\t\t\t\t<\/div>\n\t<\/label>\n<\/div><div class=\"jet-checkboxes-list__row jet-filter-row\">\n\t\t<label\n\t\tclass=\"jet-checkboxes-list__item\"\n\t\t\t>\n\t\t<input\n\t\t\ttype=\"checkbox\"\n\t\t\tclass=\"jet-checkboxes-list__input\"\n\t\t\tname=\"related_parents*3\"\n\t\t\tvalue=\"33\"\n\t\t\tdata-label=\"Profissional de Educa\u00e7\u00e3o F\u00edsica\"\n\t\t\t\t\t\taria-label=\"Profissional de Educa\u00e7\u00e3o F\u00edsica\"\n\t\t\t\t\t>\n\t\t<div class=\"jet-checkboxes-list__button\">\n\t\t\t\t\t\t\t<span class=\"jet-checkboxes-list__decorator\">\n\t\t\t\t\t<i class=\"jet-checkboxes-list__checked-icon\">\n\t\t\t\t\t\t<svg width=\"28\" height=\"28\" viewBox=\"0 0 28 28\" xmlns=\"http:\/\/www.w3.org\/2000\/svg\">\n\t<path d=\"M26.109 8.844c0 0.391-0.156 0.781-0.438 1.062l-13.438 13.438c-0.281 0.281-0.672 0.438-1.062 0.438s-0.781-0.156-1.062-0.438l-7.781-7.781c-0.281-0.281-0.438-0.672-0.438-1.062s0.156-0.781 0.438-1.062l2.125-2.125c0.281-0.281 0.672-0.438 1.062-0.438s0.781 0.156 1.062 0.438l4.594 4.609 10.25-10.266c0.281-0.281 0.672-0.438 1.062-0.438s0.781 0.156 1.062 0.438l2.125 2.125c0.281 0.281 0.438 0.672 0.438 1.062z\"><\/path>\n<\/svg>\n\t\t\t\t\t<\/i>\n\t\t\t\t<\/span>\n\t\t\t\t\t\t<span class=\"jet-checkboxes-list__label\">\n\t\t\t\tProfissional de Educa\u00e7\u00e3o F\u00edsica\t\t\t<\/span>\n\t\t\t\t\t<\/div>\n\t<\/label>\n<\/div><\/fieldset><\/div>\n<\/div>\t\t\t\t<\/div>\n\t\t\t\t<\/div>\n\t\t\t\t<\/div>\n\t\t\t\t<\/div>\n\t\t\t\t<div class=\"elementor-element elementor-element-7adc6c6 elementor-widget elementor-widget-jet-smart-filters-pagination\" data-id=\"7adc6c6\" data-element_type=\"widget\" data-e-type=\"widget\" data-widget_type=\"jet-smart-filters-pagination.default\">\n\t\t\t\t<div class=\"elementor-widget-container\">\n\t\t\t\t\t<div\n\t\t\t\tclass=\"jet-smart-filters-pagination jet-filter\"\n\t\t\t\tdata-apply-provider=\"jet-engine\"\n\t\t\t\tdata-content-provider=\"jet-engine\"\n\t\t\t\tdata-query-id=\"result\"\n\t\t\t\tdata-controls=\"{&quot;items_enabled&quot;:true,&quot;pages_mid_size&quot;:0,&quot;pages_end_size&quot;:0,&quot;nav_enabled&quot;:true,&quot;prev&quot;:&quot;Prev&quot;,&quot;next&quot;:&quot;Next&quot;,&quot;hide_inactive_nav&quot;:true,&quot;load_more_enabled&quot;:false,&quot;provider_top_offset&quot;:0}\"\n\t\t\t\tdata-apply-type=\"ajax\"\n\t\t\t><\/div>\t\t\t\t<\/div>\n\t\t\t\t<\/div>\n\t\t\t\t<\/div>\n\t\t\t\t\t<\/div>\n\t\t\t\t<\/div>\n\t\t\t\t<\/div>\n\t\t","protected":false},"excerpt":{"rendered":"<p>Home Todos os curriculos Mundialmente Remover filtros Filtrar curriculos Remover filtros filtro categoria de vagas Administra\u00e7\u00e3o Educa\u00e7\u00e3o Finan\u00e7as e banco Hotelaria e Turismo Industria Inform\u00e1tica Jur\u00eddico Sa\u00fade Telemarketing Transporte vendas<\/p>\n","protected":false},"author":30,"featured_media":0,"parent":0,"menu_order":0,"comment_status":"closed","ping_status":"closed","template":"elementor_header_footer","meta":{"_themeisle_gutenberg_block_has_review":false,"footnotes":""},"class_list":["post-815","page","type-page","status-publish","hentry"],"publishpress_future_action":{"enabled":false,"date":"2026-04-28 01:19:01","action":"change-status","newStatus":"draft","terms":[],"taxonomy":"","extraData":[]},"publishpress_future_workflow_manual_trigger":{"enabledWorkflows":[]},"_links":{"self":[{"href":"https:\/\/www.crefrs.org.br\/oportunidades\/wp-json\/wp\/v2\/pages\/815","targetHints":{"allow":["GET"]}}],"collection":[{"href":"https:\/\/www.crefrs.org.br\/oportunidades\/wp-json\/wp\/v2\/pages"}],"about":[{"href":"https:\/\/www.crefrs.org.br\/oportunidades\/wp-json\/wp\/v2\/types\/page"}],"author":[{"embeddable":true,"href":"https:\/\/www.crefrs.org.br\/oportunidades\/wp-json\/wp\/v2\/users\/30"}],"replies":[{"embeddable":true,"href":"https:\/\/www.crefrs.org.br\/oportunidades\/wp-json\/wp\/v2\/comments?post=815"}],"version-history":[{"count":0,"href":"https:\/\/www.crefrs.org.br\/oportunidades\/wp-json\/wp\/v2\/pages\/815\/revisions"}],"wp:attachment":[{"href":"https:\/\/www.crefrs.org.br\/oportunidades\/wp-json\/wp\/v2\/media?parent=815"}],"curies":[{"name":"wp","href":"https:\/\/api.w.org\/{rel}","templated":true}]}}