{"id":3301,"date":"2025-05-04T16:16:57","date_gmt":"2025-05-04T19:16:57","guid":{"rendered":"https:\/\/www.crefrs.org.br\/oportunidades\/?page_id=3301"},"modified":"2025-05-04T21:10:29","modified_gmt":"2025-05-05T00:10:29","slug":"links-uteis","status":"publish","type":"page","link":"https:\/\/www.crefrs.org.br\/oportunidades\/links-uteis\/","title":{"rendered":"Links \u00dateis"},"content":{"rendered":"\t\t<div data-elementor-type=\"wp-page\" data-elementor-id=\"3301\" class=\"elementor elementor-3301\" data-elementor-post-type=\"page\">\n\t\t\t\t<div class=\"elementor-element elementor-element-0d3a234 e-flex e-con-boxed e-con e-parent\" data-id=\"0d3a234\" data-element_type=\"container\" data-e-type=\"container\">\n\t\t\t\t\t<div class=\"e-con-inner\">\n\t\t\t\t<div class=\"elementor-element elementor-element-4f2c315 elementor-widget elementor-widget-heading\" data-id=\"4f2c315\" data-element_type=\"widget\" data-e-type=\"widget\" data-widget_type=\"heading.default\">\n\t\t\t\t<div class=\"elementor-widget-container\">\n\t\t\t\t\t<h2 class=\"elementor-heading-title elementor-size-default\">Links \u00dateis<\/h2>\t\t\t\t<\/div>\n\t\t\t\t<\/div>\n\t\t\t\t<div class=\"elementor-element elementor-element-e767289 elementor-align-justify elementor-mobile-align-justify elementor-widget elementor-widget-button\" data-id=\"e767289\" data-element_type=\"widget\" data-e-type=\"widget\" data-widget_type=\"button.default\">\n\t\t\t\t<div class=\"elementor-widget-container\">\n\t\t\t\t\t\t\t\t\t<div class=\"elementor-button-wrapper\">\n\t\t\t\t\t<a class=\"elementor-button elementor-button-link elementor-size-sm\" href=\"https:\/\/www.crefrs.org.br\/sistemas.crefrs.org.br\/legislacao\/pdf\/Lei_11788_de_2008.pdf\" target=\"_blank\" rel=\"nofollow\">\n\t\t\t\t\t\t<span class=\"elementor-button-content-wrapper\">\n\t\t\t\t\t\t<span class=\"elementor-button-icon\">\n\t\t\t\t<i aria-hidden=\"true\" class=\"fas fa-external-link-alt\"><\/i>\t\t\t<\/span>\n\t\t\t\t\t\t\t\t\t<span class=\"elementor-button-text\">Nova Lei do Est\u00e1gio<\/span>\n\t\t\t\t\t<\/span>\n\t\t\t\t\t<\/a>\n\t\t\t\t<\/div>\n\t\t\t\t\t\t\t\t<\/div>\n\t\t\t\t<\/div>\n\t\t\t\t<div class=\"elementor-element elementor-element-2451b42 elementor-align-justify elementor-mobile-align-justify elementor-widget elementor-widget-button\" data-id=\"2451b42\" data-element_type=\"widget\" data-e-type=\"widget\" data-widget_type=\"button.default\">\n\t\t\t\t<div class=\"elementor-widget-container\">\n\t\t\t\t\t\t\t\t\t<div class=\"elementor-button-wrapper\">\n\t\t\t\t\t<a class=\"elementor-button elementor-button-link elementor-size-sm\" href=\"https:\/\/www.crefrs.org.br\/sistemas.crefrs.org.br\/legislacao\/pdf\/Cartilha_Nova_Lei_Estagios.pdf\" target=\"_blank\" rel=\"nofollow\">\n\t\t\t\t\t\t<span class=\"elementor-button-content-wrapper\">\n\t\t\t\t\t\t<span class=\"elementor-button-icon\">\n\t\t\t\t<i aria-hidden=\"true\" class=\"fas fa-external-link-alt\"><\/i>\t\t\t<\/span>\n\t\t\t\t\t\t\t\t\t<span class=\"elementor-button-text\">Cartilha sobre a nova Lei do Est\u00e1gio<\/span>\n\t\t\t\t\t<\/span>\n\t\t\t\t\t<\/a>\n\t\t\t\t<\/div>\n\t\t\t\t\t\t\t\t<\/div>\n\t\t\t\t<\/div>\n\t\t\t\t\t<\/div>\n\t\t\t\t<\/div>\n\t\t\t\t<\/div>\n\t\t","protected":false},"excerpt":{"rendered":"<p>Links \u00dateis Nova Lei do Est\u00e1gio Cartilha sobre a nova Lei do Est\u00e1gio<\/p>\n","protected":false},"author":30,"featured_media":0,"parent":0,"menu_order":0,"comment_status":"closed","ping_status":"closed","template":"","meta":{"_themeisle_gutenberg_block_has_review":false,"footnotes":""},"class_list":["post-3301","page","type-page","status-publish","hentry"],"publishpress_future_action":{"enabled":false,"date":"2026-04-25 09:07:45","action":"change-status","newStatus":"draft","terms":[],"taxonomy":"","extraData":[]},"publishpress_future_workflow_manual_trigger":{"enabledWorkflows":[]},"_links":{"self":[{"href":"https:\/\/www.crefrs.org.br\/oportunidades\/wp-json\/wp\/v2\/pages\/3301","targetHints":{"allow":["GET"]}}],"collection":[{"href":"https:\/\/www.crefrs.org.br\/oportunidades\/wp-json\/wp\/v2\/pages"}],"about":[{"href":"https:\/\/www.crefrs.org.br\/oportunidades\/wp-json\/wp\/v2\/types\/page"}],"author":[{"embeddable":true,"href":"https:\/\/www.crefrs.org.br\/oportunidades\/wp-json\/wp\/v2\/users\/30"}],"replies":[{"embeddable":true,"href":"https:\/\/www.crefrs.org.br\/oportunidades\/wp-json\/wp\/v2\/comments?post=3301"}],"version-history":[{"count":19,"href":"https:\/\/www.crefrs.org.br\/oportunidades\/wp-json\/wp\/v2\/pages\/3301\/revisions"}],"predecessor-version":[{"id":3386,"href":"https:\/\/www.crefrs.org.br\/oportunidades\/wp-json\/wp\/v2\/pages\/3301\/revisions\/3386"}],"wp:attachment":[{"href":"https:\/\/www.crefrs.org.br\/oportunidades\/wp-json\/wp\/v2\/media?parent=3301"}],"curies":[{"name":"wp","href":"https:\/\/api.w.org\/{rel}","templated":true}]}}